{"id":20327,"date":"2022-01-19T15:53:38","date_gmt":"2022-01-19T15:53:38","guid":{"rendered":"https:\/\/service-airwell.com\/note-legali\/"},"modified":"2024-03-27T12:30:26","modified_gmt":"2024-03-27T12:30:26","slug":"note-legali","status":"publish","type":"page","link":"https:\/\/service-airwell.com\/it\/note-legali\/","title":{"rendered":"Note legali"},"content":{"rendered":"\t\t<div data-elementor-type=\"wp-page\" data-elementor-id=\"20327\" class=\"elementor elementor-20327 elementor-363\" data-elementor-post-type=\"page\">\n\t\t\t\t\t\t<section class=\"elementor-section elementor-top-section elementor-element elementor-element-12952cb3 elementor-section-boxed elementor-section-height-default elementor-section-height-default\" data-id=\"12952cb3\" data-element_type=\"section\" data-settings=\"{&quot;jet_parallax_layout_list&quot;:[]}\">\n\t\t\t\t\t\t<div class=\"elementor-container elementor-column-gap-default\">\n\t\t\t\t\t<div class=\"elementor-column elementor-col-100 elementor-top-column elementor-element elementor-element-6b0358cd\" data-id=\"6b0358cd\" data-element_type=\"column\">\n\t\t\t<div class=\"elementor-widget-wrap elementor-element-populated\">\n\t\t\t\t\t\t<div class=\"elementor-element elementor-element-27de72d elementor-widget elementor-widget-heading\" data-id=\"27de72d\" data-element_type=\"widget\" data-widget_type=\"heading.default\">\n\t\t\t\t<div class=\"elementor-widget-container\">\n\t\t\t\t\t<h2 class=\"elementor-heading-title elementor-size-default\">Note legali<\/h2>\t\t\t\t<\/div>\n\t\t\t\t<\/div>\n\t\t\t\t<div class=\"elementor-element elementor-element-18403c06 elementor-widget elementor-widget-text-editor\" data-id=\"18403c06\" data-element_type=\"widget\" data-widget_type=\"text-editor.default\">\n\t\t\t\t<div class=\"elementor-widget-container\">\n\t\t\t\t\t\t\t\t\t<p><\/p>\n<p><strong>Informazioni generali sulla gestione di questo sito web<\/strong><br>Il presente sito web, accessibile all&#8217;indirizzo www.service-airwell.com \u00e8 di propriet\u00e0 della societ\u00e0 <span style=\"caret-color: #000000; color: #000000; font-family: Calibri, sans-serif; font-size: 14.6667px; text-size-adjust: auto;\">Gruppo Airwell<\/span>.<\/p>\n<p> <\/p>\n<p><\/p>\n<p><strong>Ragione sociale e sede sociale<\/strong><br>Gruppo Airwell SA<br>10 Rue du Fort de Saint Cyr<br>78180 Montigny Le Bretonneux<\/p>\n<p>RCS Versailles : 824 596 795 R.C.S. Versailles<br>Data di immatricolazione : 08\/12\/2016<\/p>\n<p>Capitale sociale : 217 361,30 Euro<\/p>\n<p> <\/p>\n<p><\/p>\n<p><strong>Numero IVA<\/strong><br>FR76824596795<\/p>\n<p> <\/p>\n<p><\/p>\n<p><strong>Direttore della pubblicazione<\/strong><br>Manon CASTANIE<\/p>\n<p> <\/p>\n<p><\/p>\n<p><strong>Host<\/strong><br>Scaleway SAS \u2013 BP438 75366 Paris Cedex 08 Tel : (+33) 1 84 13 00 00<\/p>\n<p> <\/p>\n<p><\/p>\n<p>Ultimo aggiornamento : 30\/03\/2022<\/p>\n<p><\/p>\n<p><\/p>\n<p><\/p>\t\t\t\t\t\t\t\t<\/div>\n\t\t\t\t<\/div>\n\t\t\t\t\t<\/div>\n\t\t<\/div>\n\t\t\t\t\t<\/div>\n\t\t<\/section>\n\t\t\t\t<\/div>\n\t\t","protected":false},"excerpt":{"rendered":"<p>Note legali Informazioni generali sulla gestione di questo sito webIl presente sito web, accessibile all&#8217;indirizzo www.service-airwell.com \u00e8 di propriet\u00e0 della societ\u00e0 Gruppo Airwell. Ragione sociale e sede socialeGruppo Airwell SA10 Rue du Fort de Saint Cyr78180 Montigny Le Bretonneux RCS Versailles : 824 596 795 R.C.S. VersaillesData di immatricolazione : 08\/12\/2016 Capitale sociale : 217 [&hellip;]<\/p>\n","protected":false},"author":12,"featured_media":0,"parent":0,"menu_order":0,"comment_status":"closed","ping_status":"closed","template":"","meta":{"footnotes":""},"class_list":["post-20327","page","type-page","status-publish","hentry"],"_links":{"self":[{"href":"https:\/\/service-airwell.com\/it\/wp-json\/wp\/v2\/pages\/20327","targetHints":{"allow":["GET"]}}],"collection":[{"href":"https:\/\/service-airwell.com\/it\/wp-json\/wp\/v2\/pages"}],"about":[{"href":"https:\/\/service-airwell.com\/it\/wp-json\/wp\/v2\/types\/page"}],"author":[{"embeddable":true,"href":"https:\/\/service-airwell.com\/it\/wp-json\/wp\/v2\/users\/12"}],"replies":[{"embeddable":true,"href":"https:\/\/service-airwell.com\/it\/wp-json\/wp\/v2\/comments?post=20327"}],"version-history":[{"count":0,"href":"https:\/\/service-airwell.com\/it\/wp-json\/wp\/v2\/pages\/20327\/revisions"}],"wp:attachment":[{"href":"https:\/\/service-airwell.com\/it\/wp-json\/wp\/v2\/media?parent=20327"}],"curies":[{"name":"wp","href":"https:\/\/api.w.org\/{rel}","templated":true}]}}